{"id":7799,"date":"2025-11-12T17:35:16","date_gmt":"2025-11-12T16:35:16","guid":{"rendered":"https:\/\/gw.link2innovation.ch\/produkt\/poulet-schenkel-o-b-m-h-paniert\/"},"modified":"2026-04-07T02:30:29","modified_gmt":"2026-04-07T00:30:29","slug":"poulet-schenkel-o-b-m-h-paniert","status":"publish","type":"product","link":"https:\/\/gw.link2innovation.ch\/fr\/produit\/poulet-schenkel-o-b-m-h-paniert\/","title":{"rendered":"Cuisses de poulet d\u00e9soss\u00e9es avec peau, pan\u00e9e"},"content":{"rendered":"","protected":false},"excerpt":{"rendered":"","protected":false},"featured_media":0,"template":"","meta":[],"product_brand":[],"product_cat":[206],"product_tag":[],"class_list":{"0":"post-7799","1":"product","2":"type-product","3":"status-publish","5":"product_cat-paniert-mariniert-gewuerzt","7":"first","8":"instock","9":"taxable","10":"shipping-taxable","11":"purchasable","12":"product-type-simple"},"_links":{"self":[{"href":"https:\/\/gw.link2innovation.ch\/fr\/wp-json\/wp\/v2\/product\/7799","targetHints":{"allow":["GET"]}}],"collection":[{"href":"https:\/\/gw.link2innovation.ch\/fr\/wp-json\/wp\/v2\/product"}],"about":[{"href":"https:\/\/gw.link2innovation.ch\/fr\/wp-json\/wp\/v2\/types\/product"}],"wp:attachment":[{"href":"https:\/\/gw.link2innovation.ch\/fr\/wp-json\/wp\/v2\/media?parent=7799"}],"wp:term":[{"taxonomy":"product_brand","embeddable":true,"href":"https:\/\/gw.link2innovation.ch\/fr\/wp-json\/wp\/v2\/product_brand?post=7799"},{"taxonomy":"product_cat","embeddable":true,"href":"https:\/\/gw.link2innovation.ch\/fr\/wp-json\/wp\/v2\/product_cat?post=7799"},{"taxonomy":"product_tag","embeddable":true,"href":"https:\/\/gw.link2innovation.ch\/fr\/wp-json\/wp\/v2\/product_tag?post=7799"}],"curies":[{"name":"wp","href":"https:\/\/api.w.org\/{rel}","templated":true}]}}