{"id":3728,"date":"2025-04-01T18:52:44","date_gmt":"2025-04-01T16:52:44","guid":{"rendered":"https:\/\/gw.link2innovation.ch\/produkt\/rind-gourmet-laffenfilet-gespickt-vac\/"},"modified":"2026-04-07T02:30:34","modified_gmt":"2026-04-07T00:30:34","slug":"rind-gourmet-laffenfilet-gespickt-vac","status":"publish","type":"product","link":"https:\/\/gw.link2innovation.ch\/fr\/produit\/rind-gourmet-laffenfilet-gespickt-vac\/","title":{"rendered":"GOURMET Filet d'\u00e9paule fi\u00e7ell\u00e9"},"content":{"rendered":"","protected":false},"excerpt":{"rendered":"","protected":false},"featured_media":6896,"template":"","meta":[],"product_brand":[],"product_cat":[76],"product_tag":[],"class_list":{"0":"post-3728","1":"product","2":"type-product","3":"status-publish","4":"has-post-thumbnail","6":"product_cat-rind","8":"first","9":"instock","10":"taxable","11":"shipping-taxable","12":"purchasable","13":"product-type-simple"},"_links":{"self":[{"href":"https:\/\/gw.link2innovation.ch\/fr\/wp-json\/wp\/v2\/product\/3728","targetHints":{"allow":["GET"]}}],"collection":[{"href":"https:\/\/gw.link2innovation.ch\/fr\/wp-json\/wp\/v2\/product"}],"about":[{"href":"https:\/\/gw.link2innovation.ch\/fr\/wp-json\/wp\/v2\/types\/product"}],"wp:featuredmedia":[{"embeddable":true,"href":"https:\/\/gw.link2innovation.ch\/fr\/wp-json\/wp\/v2\/media\/6896"}],"wp:attachment":[{"href":"https:\/\/gw.link2innovation.ch\/fr\/wp-json\/wp\/v2\/media?parent=3728"}],"wp:term":[{"taxonomy":"product_brand","embeddable":true,"href":"https:\/\/gw.link2innovation.ch\/fr\/wp-json\/wp\/v2\/product_brand?post=3728"},{"taxonomy":"product_cat","embeddable":true,"href":"https:\/\/gw.link2innovation.ch\/fr\/wp-json\/wp\/v2\/product_cat?post=3728"},{"taxonomy":"product_tag","embeddable":true,"href":"https:\/\/gw.link2innovation.ch\/fr\/wp-json\/wp\/v2\/product_tag?post=3728"}],"curies":[{"name":"wp","href":"https:\/\/api.w.org\/{rel}","templated":true}]}}