{"id":3247,"date":"2025-04-01T18:51:07","date_gmt":"2025-04-01T16:51:07","guid":{"rendered":"https:\/\/gw.link2innovation.ch\/produkt\/kalb-laffenbraten-gebunden-vac\/"},"modified":"2026-04-07T02:30:18","modified_gmt":"2026-04-07T00:30:18","slug":"kalb-laffenbraten-gebunden-vac","status":"publish","type":"product","link":"https:\/\/gw.link2innovation.ch\/fr\/produit\/kalb-laffenbraten-gebunden-vac\/","title":{"rendered":"R\u00f4ti d'\u00e9paule de veau li\u00e9 vac."},"content":{"rendered":"","protected":false},"excerpt":{"rendered":"","protected":false},"featured_media":7559,"template":"","meta":[],"product_brand":[],"product_cat":[77],"product_tag":[],"class_list":{"0":"post-3247","1":"product","2":"type-product","3":"status-publish","4":"has-post-thumbnail","6":"product_cat-kalb","8":"first","9":"instock","10":"taxable","11":"shipping-taxable","12":"purchasable","13":"product-type-simple"},"_links":{"self":[{"href":"https:\/\/gw.link2innovation.ch\/fr\/wp-json\/wp\/v2\/product\/3247","targetHints":{"allow":["GET"]}}],"collection":[{"href":"https:\/\/gw.link2innovation.ch\/fr\/wp-json\/wp\/v2\/product"}],"about":[{"href":"https:\/\/gw.link2innovation.ch\/fr\/wp-json\/wp\/v2\/types\/product"}],"wp:featuredmedia":[{"embeddable":true,"href":"https:\/\/gw.link2innovation.ch\/fr\/wp-json\/wp\/v2\/media\/7559"}],"wp:attachment":[{"href":"https:\/\/gw.link2innovation.ch\/fr\/wp-json\/wp\/v2\/media?parent=3247"}],"wp:term":[{"taxonomy":"product_brand","embeddable":true,"href":"https:\/\/gw.link2innovation.ch\/fr\/wp-json\/wp\/v2\/product_brand?post=3247"},{"taxonomy":"product_cat","embeddable":true,"href":"https:\/\/gw.link2innovation.ch\/fr\/wp-json\/wp\/v2\/product_cat?post=3247"},{"taxonomy":"product_tag","embeddable":true,"href":"https:\/\/gw.link2innovation.ch\/fr\/wp-json\/wp\/v2\/product_tag?post=3247"}],"curies":[{"name":"wp","href":"https:\/\/api.w.org\/{rel}","templated":true}]}}