{"id":3157,"date":"2025-04-01T18:50:49","date_gmt":"2025-04-01T16:50:49","guid":{"rendered":"https:\/\/gw.link2innovation.ch\/produkt\/hirsch-schinken-luftgetrocknet-eu-tk\/"},"modified":"2026-04-07T02:30:16","modified_gmt":"2026-04-07T00:30:16","slug":"hirsch-schinken-luftgetrocknet-eu-tk","status":"publish","type":"product","link":"https:\/\/gw.link2innovation.ch\/fr\/produit\/hirsch-schinken-luftgetrocknet-eu-tk\/","title":{"rendered":"Jambon de cerf fum\u00e9 s\u00e9ch\u00e8 TK"},"content":{"rendered":"","protected":false},"excerpt":{"rendered":"","protected":false},"featured_media":7592,"template":"","meta":[],"product_brand":[],"product_cat":[240],"product_tag":[],"class_list":{"0":"post-3157","1":"product","2":"type-product","3":"status-publish","4":"has-post-thumbnail","6":"product_cat-wildprodukte","8":"first","9":"instock","10":"taxable","11":"shipping-taxable","12":"purchasable","13":"product-type-simple"},"_links":{"self":[{"href":"https:\/\/gw.link2innovation.ch\/fr\/wp-json\/wp\/v2\/product\/3157","targetHints":{"allow":["GET"]}}],"collection":[{"href":"https:\/\/gw.link2innovation.ch\/fr\/wp-json\/wp\/v2\/product"}],"about":[{"href":"https:\/\/gw.link2innovation.ch\/fr\/wp-json\/wp\/v2\/types\/product"}],"wp:featuredmedia":[{"embeddable":true,"href":"https:\/\/gw.link2innovation.ch\/fr\/wp-json\/wp\/v2\/media\/7592"}],"wp:attachment":[{"href":"https:\/\/gw.link2innovation.ch\/fr\/wp-json\/wp\/v2\/media?parent=3157"}],"wp:term":[{"taxonomy":"product_brand","embeddable":true,"href":"https:\/\/gw.link2innovation.ch\/fr\/wp-json\/wp\/v2\/product_brand?post=3157"},{"taxonomy":"product_cat","embeddable":true,"href":"https:\/\/gw.link2innovation.ch\/fr\/wp-json\/wp\/v2\/product_cat?post=3157"},{"taxonomy":"product_tag","embeddable":true,"href":"https:\/\/gw.link2innovation.ch\/fr\/wp-json\/wp\/v2\/product_tag?post=3157"}],"curies":[{"name":"wp","href":"https:\/\/api.w.org\/{rel}","templated":true}]}}