{"id":3125,"date":"2025-04-01T18:50:43","date_gmt":"2025-04-01T16:50:43","guid":{"rendered":"https:\/\/gw.link2innovation.ch\/produkt\/hackbraten-nach-hausfrauenart\/"},"modified":"2026-04-07T02:30:15","modified_gmt":"2026-04-07T00:30:15","slug":"hackbraten-nach-hausfrauenart","status":"publish","type":"product","link":"https:\/\/gw.link2innovation.ch\/fr\/produit\/hackbraten-nach-hausfrauenart\/","title":{"rendered":"R\u00f4ti de viande hach\u00e9*M\u00e9nag\u00e8re*"},"content":{"rendered":"","protected":false},"excerpt":{"rendered":"","protected":false},"featured_media":7190,"template":"","meta":[],"product_brand":[],"product_cat":[239],"product_tag":[],"class_list":{"0":"post-3125","1":"product","2":"type-product","3":"status-publish","4":"has-post-thumbnail","6":"product_cat-hackfleisch-produkte","8":"first","9":"instock","10":"taxable","11":"shipping-taxable","12":"purchasable","13":"product-type-simple"},"_links":{"self":[{"href":"https:\/\/gw.link2innovation.ch\/fr\/wp-json\/wp\/v2\/product\/3125","targetHints":{"allow":["GET"]}}],"collection":[{"href":"https:\/\/gw.link2innovation.ch\/fr\/wp-json\/wp\/v2\/product"}],"about":[{"href":"https:\/\/gw.link2innovation.ch\/fr\/wp-json\/wp\/v2\/types\/product"}],"wp:featuredmedia":[{"embeddable":true,"href":"https:\/\/gw.link2innovation.ch\/fr\/wp-json\/wp\/v2\/media\/7190"}],"wp:attachment":[{"href":"https:\/\/gw.link2innovation.ch\/fr\/wp-json\/wp\/v2\/media?parent=3125"}],"wp:term":[{"taxonomy":"product_brand","embeddable":true,"href":"https:\/\/gw.link2innovation.ch\/fr\/wp-json\/wp\/v2\/product_brand?post=3125"},{"taxonomy":"product_cat","embeddable":true,"href":"https:\/\/gw.link2innovation.ch\/fr\/wp-json\/wp\/v2\/product_cat?post=3125"},{"taxonomy":"product_tag","embeddable":true,"href":"https:\/\/gw.link2innovation.ch\/fr\/wp-json\/wp\/v2\/product_tag?post=3125"}],"curies":[{"name":"wp","href":"https:\/\/api.w.org\/{rel}","templated":true}]}}