{"id":2885,"date":"2025-04-01T18:50:00","date_gmt":"2025-04-01T16:50:00","guid":{"rendered":"https:\/\/gw.link2innovation.ch\/produkt\/apero-pastete-porto-450g-stk\/"},"modified":"2026-04-07T02:30:09","modified_gmt":"2026-04-07T00:30:09","slug":"apero-pastete-porto-450g-stk","status":"publish","type":"product","link":"https:\/\/gw.link2innovation.ch\/fr\/produit\/apero-pastete-porto-450g-stk\/","title":{"rendered":"Petit p\u00e2t\u00e9 en croute ap\u00e9ro"},"content":{"rendered":"","protected":false},"excerpt":{"rendered":"","protected":false},"featured_media":7197,"template":"","meta":[],"product_brand":[],"product_cat":[259],"product_tag":[],"class_list":{"0":"post-2885","1":"product","2":"type-product","3":"status-publish","4":"has-post-thumbnail","6":"product_cat-charcuterie-schinken-spezialitaeten-charcuterie-schinken-spezialitaeten","8":"first","9":"instock","10":"taxable","11":"shipping-taxable","12":"purchasable","13":"product-type-simple"},"_links":{"self":[{"href":"https:\/\/gw.link2innovation.ch\/fr\/wp-json\/wp\/v2\/product\/2885","targetHints":{"allow":["GET"]}}],"collection":[{"href":"https:\/\/gw.link2innovation.ch\/fr\/wp-json\/wp\/v2\/product"}],"about":[{"href":"https:\/\/gw.link2innovation.ch\/fr\/wp-json\/wp\/v2\/types\/product"}],"wp:featuredmedia":[{"embeddable":true,"href":"https:\/\/gw.link2innovation.ch\/fr\/wp-json\/wp\/v2\/media\/7197"}],"wp:attachment":[{"href":"https:\/\/gw.link2innovation.ch\/fr\/wp-json\/wp\/v2\/media?parent=2885"}],"wp:term":[{"taxonomy":"product_brand","embeddable":true,"href":"https:\/\/gw.link2innovation.ch\/fr\/wp-json\/wp\/v2\/product_brand?post=2885"},{"taxonomy":"product_cat","embeddable":true,"href":"https:\/\/gw.link2innovation.ch\/fr\/wp-json\/wp\/v2\/product_cat?post=2885"},{"taxonomy":"product_tag","embeddable":true,"href":"https:\/\/gw.link2innovation.ch\/fr\/wp-json\/wp\/v2\/product_tag?post=2885"}],"curies":[{"name":"wp","href":"https:\/\/api.w.org\/{rel}","templated":true}]}}